{"id":13,"date":"2025-06-09T19:55:24","date_gmt":"2025-06-09T19:55:24","guid":{"rendered":"http:\/\/localhost\/clea\/?page_id=13"},"modified":"2025-07-14T10:19:56","modified_gmt":"2025-07-14T10:19:56","slug":"a-propos","status":"publish","type":"page","link":"https:\/\/institutclea.com\/index.php\/a-propos\/","title":{"rendered":"A Propos"},"content":{"rendered":"\t\t<div data-elementor-type=\"wp-page\" data-elementor-id=\"13\" class=\"elementor elementor-13\" data-elementor-post-type=\"page\">\n\t\t\t\t\t\t<section class=\"elementor-section elementor-top-section elementor-element elementor-element-1c20f62f elementor-section-stretched elementor-section-full_width elementor-section-height-min-height elementor-section-items-stretch hero_section elementor-section-height-default\" data-id=\"1c20f62f\" data-element_type=\"section\" data-settings=\"{&quot;stretch_section&quot;:&quot;section-stretched&quot;,&quot;background_background&quot;:&quot;classic&quot;}\">\n\t\t\t\t\t\t\t<div class=\"elementor-background-overlay\"><\/div>\n\t\t\t\t\t\t\t<div class=\"elementor-container elementor-column-gap-no\">\n\t\t\t\t\t<div class=\"elementor-column elementor-col-50 elementor-top-column elementor-element elementor-element-4d085d98 elementor-invisible\" data-id=\"4d085d98\" data-element_type=\"column\" data-settings=\"{&quot;background_background&quot;:&quot;classic&quot;,&quot;animation&quot;:&quot;fadeInLeft&quot;}\">\n\t\t\t<div class=\"elementor-widget-wrap elementor-element-populated\">\n\t\t\t\t\t\t<div class=\"elementor-element elementor-element-647d1945 elementor-invisible elementor-widget elementor-widget-heading\" data-id=\"647d1945\" data-element_type=\"widget\" data-settings=\"{&quot;_animation&quot;:&quot;fadeInLeft&quot;}\" data-widget_type=\"heading.default\">\n\t\t\t\t<div class=\"elementor-widget-container\">\n\t\t\t\t\t<h2 class=\"elementor-heading-title elementor-size-default\">Des fils, des r\u00eaves et un engagement depuis 2015.<\/h2>\t\t\t\t<\/div>\n\t\t\t\t<\/div>\n\t\t\t\t\t<\/div>\n\t\t<\/div>\n\t\t\t\t<div class=\"elementor-column elementor-col-50 elementor-top-column elementor-element elementor-element-6b0912d elementor-hidden-phone\" data-id=\"6b0912d\" data-element_type=\"column\">\n\t\t\t<div class=\"elementor-widget-wrap\">\n\t\t\t\t\t\t\t<\/div>\n\t\t<\/div>\n\t\t\t\t\t<\/div>\n\t\t<\/section>\n\t\t\t\t<section class=\"elementor-section elementor-top-section elementor-element elementor-element-5f104d7c elementor-section-stretched elementor-section-boxed elementor-section-height-default elementor-section-height-default\" data-id=\"5f104d7c\" data-element_type=\"section\" data-settings=\"{&quot;stretch_section&quot;:&quot;section-stretched&quot;}\">\n\t\t\t\t\t\t<div class=\"elementor-container elementor-column-gap-default\">\n\t\t\t\t\t<div class=\"elementor-column elementor-col-100 elementor-top-column elementor-element elementor-element-5271b151\" data-id=\"5271b151\" data-element_type=\"column\">\n\t\t\t<div class=\"elementor-widget-wrap elementor-element-populated\">\n\t\t\t\t\t\t<div class=\"elementor-element elementor-element-ad2f204 animated-fast elementor-widget-divider--view-line elementor-invisible elementor-widget elementor-widget-divider\" data-id=\"ad2f204\" data-element_type=\"widget\" data-settings=\"{&quot;_animation&quot;:&quot;fadeInUp&quot;,&quot;_animation_delay&quot;:300}\" data-widget_type=\"divider.default\">\n\t\t\t\t<div class=\"elementor-widget-container\">\n\t\t\t\t\t\t\t<div class=\"elementor-divider\">\n\t\t\t<span class=\"elementor-divider-separator\">\n\t\t\t\t\t\t<\/span>\n\t\t<\/div>\n\t\t\t\t\t\t<\/div>\n\t\t\t\t<\/div>\n\t\t\t\t<section class=\"elementor-section elementor-inner-section elementor-element elementor-element-5e79c77c elementor-section-boxed elementor-section-height-default elementor-section-height-default\" data-id=\"5e79c77c\" data-element_type=\"section\">\n\t\t\t\t\t\t<div class=\"elementor-container elementor-column-gap-default\">\n\t\t\t\t\t<div class=\"elementor-column elementor-col-50 elementor-inner-column elementor-element elementor-element-69e44f48 elementor-invisible\" data-id=\"69e44f48\" data-element_type=\"column\" data-settings=\"{&quot;animation&quot;:&quot;fadeInLeft&quot;}\">\n\t\t\t<div class=\"elementor-widget-wrap elementor-element-populated\">\n\t\t\t\t\t\t<div class=\"elementor-element elementor-element-f601906 elementor-widget elementor-widget-image\" data-id=\"f601906\" data-element_type=\"widget\" data-widget_type=\"image.default\">\n\t\t\t\t<div class=\"elementor-widget-container\">\n\t\t\t\t\t\t\t\t\t\t\t\t\t\t\t<img fetchpriority=\"high\" decoding=\"async\" width=\"1024\" height=\"683\" src=\"https:\/\/institutclea.com\/wp-content\/uploads\/2025\/06\/WhatsApp-Image-2025-06-25-at-10.42.56_51bc080f-1-1024x683.jpg\" class=\"attachment-large size-large wp-image-427\" alt=\"\" srcset=\"https:\/\/institutclea.com\/wp-content\/uploads\/2025\/06\/WhatsApp-Image-2025-06-25-at-10.42.56_51bc080f-1-1024x683.jpg 1024w, https:\/\/institutclea.com\/wp-content\/uploads\/2025\/06\/WhatsApp-Image-2025-06-25-at-10.42.56_51bc080f-1-300x200.jpg 300w, https:\/\/institutclea.com\/wp-content\/uploads\/2025\/06\/WhatsApp-Image-2025-06-25-at-10.42.56_51bc080f-1-768x512.jpg 768w, https:\/\/institutclea.com\/wp-content\/uploads\/2025\/06\/WhatsApp-Image-2025-06-25-at-10.42.56_51bc080f-1.jpg 1080w\" sizes=\"(max-width: 1024px) 100vw, 1024px\" \/>\t\t\t\t\t\t\t\t\t\t\t\t\t\t\t<\/div>\n\t\t\t\t<\/div>\n\t\t\t\t\t<\/div>\n\t\t<\/div>\n\t\t\t\t<div class=\"elementor-column elementor-col-50 elementor-inner-column elementor-element elementor-element-3d2098be\" data-id=\"3d2098be\" data-element_type=\"column\">\n\t\t\t<div class=\"elementor-widget-wrap elementor-element-populated\">\n\t\t\t\t\t\t<div class=\"elementor-element elementor-element-2661c20 elementor-widget__width-inherit elementor-invisible elementor-widget elementor-widget-elementskit-heading\" data-id=\"2661c20\" data-element_type=\"widget\" data-settings=\"{&quot;_animation&quot;:&quot;fadeInRight&quot;}\" data-widget_type=\"elementskit-heading.default\">\n\t\t\t\t<div class=\"elementor-widget-container\">\n\t\t\t\t\t<div class=\"ekit-wid-con\" ><div class=\"ekit-heading elementskit-section-title-wraper text_left   ekit_heading_tablet-   ekit_heading_mobile-\"><h2 class=\"ekit-heading--title elementskit-section-title \">Historique<\/h2><div class=\"ekit_heading_separetor_wraper ekit_heading_elementskit-border-divider\"><div class=\"elementskit-border-divider\"><\/div><\/div><\/div><\/div>\t\t\t\t<\/div>\n\t\t\t\t<\/div>\n\t\t\t\t<div class=\"elementor-element elementor-element-8307276 elementor-widget elementor-widget-text-editor\" data-id=\"8307276\" data-element_type=\"widget\" data-widget_type=\"text-editor.default\">\n\t\t\t\t<div class=\"elementor-widget-container\">\n\t\t\t\t\t\t\t\t\tEn 2015, notre atelier ouvrait ses portes \u00e0 Kribi, au quartier Ngoy\u00e8.<br>\nUne table. Une machine. Et la volont\u00e9 de poursuivre un m\u00e9tier appris \u00e0 l\u2019\u00e9cole, enracin\u00e9 dans la famille depuis deux g\u00e9n\u00e9rations.<br>\nUn pied sur la p\u00e9dale, l&#8217;aiguille en main, nous nous sommes lanc\u00e9s dans la couture sur-mesure.<br>\n<b>Notre r\u00e8gle ?<\/b> Offrir un travail soign\u00e9, livr\u00e9 dans les temps.\nLes premiers clients sont revenus, satisfaits. Puis ils en ont parl\u00e9. Le bouche-\u00e0-oreille a fait son \u0153uvre.<br>Ce souffle nous a pouss\u00e9s \u00e0 vouloir transmettre notre savoir. Nous avons ouvert nos portes \u00e0 la formation.\nLes apprentis sont venus. Un \u00e0 un. Puis par dizaines.\nL\u2019atelier a grandi. Il s\u2019est transform\u00e9.<br>\nEn 2025, pour nos dix ans, nous devenons l\u2019Institut Cl\u00e9a. Mais gardons le m\u00eame engagement.\t\t\t\t\t\t\t\t<\/div>\n\t\t\t\t<\/div>\n\t\t\t\t\t<\/div>\n\t\t<\/div>\n\t\t\t\t\t<\/div>\n\t\t<\/section>\n\t\t\t\t\t<\/div>\n\t\t<\/div>\n\t\t\t\t\t<\/div>\n\t\t<\/section>\n\t\t\t\t<section class=\"elementor-section elementor-top-section elementor-element elementor-element-ade82c0 elementor-section-stretched elementor-section-boxed elementor-section-height-default elementor-section-height-default\" data-id=\"ade82c0\" data-element_type=\"section\" data-settings=\"{&quot;stretch_section&quot;:&quot;section-stretched&quot;}\">\n\t\t\t\t\t\t<div class=\"elementor-container elementor-column-gap-default\">\n\t\t\t\t\t<div class=\"elementor-column elementor-col-100 elementor-top-column elementor-element elementor-element-4cc5550\" data-id=\"4cc5550\" data-element_type=\"column\">\n\t\t\t<div class=\"elementor-widget-wrap elementor-element-populated\">\n\t\t\t\t\t\t<section class=\"elementor-section elementor-inner-section elementor-element elementor-element-53831a0 elementor-section-boxed elementor-section-height-default elementor-section-height-default\" data-id=\"53831a0\" data-element_type=\"section\">\n\t\t\t\t\t\t<div class=\"elementor-container elementor-column-gap-default\">\n\t\t\t\t\t<div class=\"elementor-column elementor-col-50 elementor-inner-column elementor-element elementor-element-5dcf2be\" data-id=\"5dcf2be\" data-element_type=\"column\">\n\t\t\t<div class=\"elementor-widget-wrap elementor-element-populated\">\n\t\t\t\t\t\t<div class=\"elementor-element elementor-element-3971c06 elementor-widget__width-initial elementor-invisible elementor-widget elementor-widget-elementskit-heading\" data-id=\"3971c06\" data-element_type=\"widget\" data-settings=\"{&quot;_animation&quot;:&quot;fadeInRight&quot;}\" data-widget_type=\"elementskit-heading.default\">\n\t\t\t\t<div class=\"elementor-widget-container\">\n\t\t\t\t\t<div class=\"ekit-wid-con\" ><div class=\"ekit-heading elementskit-section-title-wraper text_left   ekit_heading_tablet-   ekit_heading_mobile-\"><h2 class=\"ekit-heading--title elementskit-section-title \">Notre mission<\/h2><div class=\"ekit_heading_separetor_wraper ekit_heading_elementskit-border-divider\"><div class=\"elementskit-border-divider\"><\/div><\/div><\/div><\/div>\t\t\t\t<\/div>\n\t\t\t\t<\/div>\n\t\t\t\t<div class=\"elementor-element elementor-element-10e4116 elementor-widget elementor-widget-text-editor\" data-id=\"10e4116\" data-element_type=\"widget\" data-widget_type=\"text-editor.default\">\n\t\t\t\t<div class=\"elementor-widget-container\">\n\t\t\t\t\t\t\t\t\t<p>\u00ab Ici, nous ne laissons rien pendre. Ni les fils. Ni les r\u00eaves. \u00bb.<\/p><p>Ce qui nous anime :<\/p><p><b>&#8211; Le travail bien fait<\/b><\/p><p>&#8211; La transmission concr\u00e8te<\/p><p>&#8211; L\u2019excellence comme cap<\/p>\t\t\t\t\t\t\t\t<\/div>\n\t\t\t\t<\/div>\n\t\t\t\t\t<\/div>\n\t\t<\/div>\n\t\t\t\t<div class=\"elementor-column elementor-col-50 elementor-inner-column elementor-element elementor-element-feaff56 elementor-invisible\" data-id=\"feaff56\" data-element_type=\"column\" data-settings=\"{&quot;animation&quot;:&quot;fadeInLeft&quot;}\">\n\t\t\t<div class=\"elementor-widget-wrap elementor-element-populated\">\n\t\t\t\t\t\t<div class=\"elementor-element elementor-element-52c71bf elementor-widget elementor-widget-image\" data-id=\"52c71bf\" data-element_type=\"widget\" data-widget_type=\"image.default\">\n\t\t\t\t<div class=\"elementor-widget-container\">\n\t\t\t\t\t\t\t\t\t\t\t\t\t\t\t<img decoding=\"async\" width=\"1024\" height=\"576\" src=\"https:\/\/institutclea.com\/wp-content\/uploads\/2025\/06\/54a1bcc8-588d-4d2a-9510-950ef086d67a.png\" class=\"attachment-large size-large wp-image-310\" alt=\"\" \/>\t\t\t\t\t\t\t\t\t\t\t\t\t\t\t<\/div>\n\t\t\t\t<\/div>\n\t\t\t\t\t<\/div>\n\t\t<\/div>\n\t\t\t\t\t<\/div>\n\t\t<\/section>\n\t\t\t\t\t<\/div>\n\t\t<\/div>\n\t\t\t\t\t<\/div>\n\t\t<\/section>\n\t\t\t\t<section class=\"elementor-section elementor-top-section elementor-element elementor-element-d83b4d9 elementor-section-stretched elementor-section-boxed elementor-section-height-default elementor-section-height-default\" data-id=\"d83b4d9\" data-element_type=\"section\" data-settings=\"{&quot;stretch_section&quot;:&quot;section-stretched&quot;,&quot;background_background&quot;:&quot;classic&quot;}\">\n\t\t\t\t\t\t<div class=\"elementor-container elementor-column-gap-default\">\n\t\t\t\t\t<div class=\"elementor-column elementor-col-100 elementor-top-column elementor-element elementor-element-57cfa50\" data-id=\"57cfa50\" data-element_type=\"column\">\n\t\t\t<div class=\"elementor-widget-wrap elementor-element-populated\">\n\t\t\t\t\t\t<div class=\"elementor-element elementor-element-807f824 king-addons-list-style-none elementor-widget elementor-widget-king-addons-timeline\" data-id=\"807f824\" data-element_type=\"widget\" data-settings=\"{&quot;animation_offset&quot;:150,&quot;aos_animation_duration&quot;:600}\" data-widget_type=\"king-addons-timeline.default\">\n\t\t\t\t<div class=\"elementor-widget-container\">\n\t\t\t\t\t<div class=\"king-addons-wrapper king-addons-vertical king-addons-centered\">\n            <div class=\"king-addons-timeline-centered king-addons-line king-addons-both-sided-timeline\">\n            <div class=\"king-addons-middle-line\"><\/div><div class=\"king-addons-timeline-fill\" data-layout=\"centered\"><\/div><article class=\"king-addons-timeline-entry king-addons-left-aligned elementor-repeater-item-42c89c7\" data-item-id=\"elementor-repeater-item-42c89c7\"><div class=\"king-addons-timeline-entry-inner\">\n                <div class=\"king-addons-main-line-icon king-addons-icon\"><i aria-hidden=\"true\" class=\"far fa-star\"><\/i><\/div>\n              <div class=\"king-addons-story-info-vertical king-addons-data-wrap \" data-aos=\"fade\" data-aos-left=\"\" data-aos-right=\"\" data-animation-offset=\"150\" data-animation-duration=\"600\"><div class=\"king-addons-timeline-content-wrapper\">\n                    <div class=\"king-addons-content-wrapper\"><p class=\"king-addons-title-wrap\"><span class=\"king-addons-title\">____ Nos domaines de formation<\/span><\/p><div class=\"king-addons-description\"><ol><li>Textile et Industrie de l\u2019Habillement.<\/li><li>D\u00e9coration d\u2019\u00c9v\u00e9nements.<\/li><li>H\u00f4tellerie &amp; Restauration.<\/li><li>Secr\u00e9tariat &amp; Bureautique.<\/li><li>Coiffure &amp; Esth\u00e9tique.<\/li><\/ol><\/div><\/div><\/div><\/div>\n            <\/div>\n        <\/article><article class=\"king-addons-timeline-entry king-addons-right-aligned elementor-repeater-item-4d4a805\" data-item-id=\"elementor-repeater-item-4d4a805\"><div class=\"king-addons-timeline-entry-inner\">\n                <div class=\"king-addons-main-line-icon king-addons-icon\"><i aria-hidden=\"true\" class=\"far fa-star\"><\/i><\/div>\n              <div class=\"king-addons-story-info-vertical king-addons-data-wrap \" data-aos=\"fade\" data-aos-left=\"\" data-aos-right=\"\" data-animation-offset=\"150\" data-animation-duration=\"600\"><div class=\"king-addons-timeline-content-wrapper\">\n                    <div class=\"king-addons-content-wrapper\"><p class=\"king-addons-title-wrap\"><span class=\"king-addons-title\">____ Pour qui ?<\/span><\/p><div class=\"king-addons-description\"><ul><li><strong>** <\/strong>Jeunes sans dipl\u00f4me souhaitant apprendre un m\u00e9tier.<\/li><li><strong>** <\/strong>Adultes en reconversion d\u00e9sireux de changer de vie.<\/li><li><strong>** <\/strong>Entreprises cherchant \u00e0 former ou renforcer leurs \u00e9quipes.<\/li><li><strong>** <\/strong>Parents souhaitant offrir un tremplin vers l\u2019emploi \u00e0 leurs enfants.<\/li><\/ul><\/div><\/div><\/div><\/div>\n            <\/div>\n        <\/article><article class=\"king-addons-timeline-entry king-addons-left-aligned elementor-repeater-item-a270c9d\" data-item-id=\"elementor-repeater-item-a270c9d\"><div class=\"king-addons-timeline-entry-inner\">\n                <div class=\"king-addons-main-line-icon king-addons-icon\"><i aria-hidden=\"true\" class=\"far fa-star\"><\/i><\/div>\n              <div class=\"king-addons-story-info-vertical king-addons-data-wrap \" data-aos=\"fade\" data-aos-left=\"\" data-aos-right=\"\" data-animation-offset=\"150\" data-animation-duration=\"600\"><div class=\"king-addons-timeline-content-wrapper\">\n                    <div class=\"king-addons-content-wrapper\"><p class=\"king-addons-title-wrap\"><span class=\"king-addons-title\">___  Ancr\u00e9s \u00e0 Kribi, connect\u00e9s \u00e0 l\u2019avenir<\/span><\/p><div class=\"king-addons-description\"><ul><li data-start=\"1580\" data-end=\"1638\"><p data-start=\"1892\" data-end=\"2173\">Bas\u00e9 \u00e0 <strong data-start=\"1899\" data-end=\"1908\">Kribi<\/strong>, l\u2019Institut Cl\u00e9a est solidement ancr\u00e9 dans la r\u00e9alit\u00e9 locale, tout en restant tourn\u00e9 vers l\u2019innovation et l\u2019\u00e9volution des m\u00e9tiers.<br data-start=\"2039\" data-end=\"2042\" \/>Gr\u00e2ce \u00e0 notre <strong data-start=\"2056\" data-end=\"2092\">r\u00e9seau d\u2019entreprises partenaires<\/strong>, nos apprenants passent rapidement de la salle de classe au monde professionnel.<\/p><\/li><\/ul><\/div><\/div><\/div><\/div>\n            <\/div>\n        <\/article><article class=\"king-addons-timeline-entry king-addons-right-aligned elementor-repeater-item-5dba7c8\" data-item-id=\"elementor-repeater-item-5dba7c8\"><div class=\"king-addons-timeline-entry-inner\">\n                <div class=\"king-addons-main-line-icon king-addons-icon\"><i aria-hidden=\"true\" class=\"far fa-star\"><\/i><\/div>\n              <div class=\"king-addons-story-info-vertical king-addons-data-wrap \" data-aos=\"fade\" data-aos-left=\"\" data-aos-right=\"\" data-animation-offset=\"150\" data-animation-duration=\"600\"><div class=\"king-addons-timeline-content-wrapper\">\n                    <div class=\"king-addons-content-wrapper\"><p class=\"king-addons-title-wrap\"><span class=\"king-addons-title\">_____  Notre engagement<\/span><\/p><div class=\"king-addons-description\"><ol><li>Des formations utiles, courtes et concr\u00e8tes.<\/li><li>Une insertion professionnelle rapide.<\/li><li>Une vraie diff\u00e9rence dans votre metier.<\/li><li>Un\u00a0accompagnement humain et individualis\u00e9.<\/li><\/ol><\/div><\/div><\/div><\/div>\n            <\/div>\n        <\/article><\/div><\/div>\t\t\t\t<\/div>\n\t\t\t\t<\/div>\n\t\t\t\t\t<\/div>\n\t\t<\/div>\n\t\t\t\t\t<\/div>\n\t\t<\/section>\n\t\t\t\t<section class=\"elementor-section elementor-top-section elementor-element elementor-element-7b487f4 elementor-section-height-min-height elementor-section-stretched elementor-section-boxed elementor-section-height-default elementor-section-items-middle\" data-id=\"7b487f4\" data-element_type=\"section\" data-settings=\"{&quot;stretch_section&quot;:&quot;section-stretched&quot;,&quot;background_background&quot;:&quot;classic&quot;}\">\n\t\t\t\t\t\t\t<div class=\"elementor-background-overlay\"><\/div>\n\t\t\t\t\t\t\t<div class=\"elementor-container elementor-column-gap-default\">\n\t\t\t\t\t<div class=\"elementor-column elementor-col-50 elementor-top-column elementor-element elementor-element-29fadd4\" data-id=\"29fadd4\" data-element_type=\"column\">\n\t\t\t<div class=\"elementor-widget-wrap elementor-element-populated\">\n\t\t\t\t\t\t<div class=\"elementor-element elementor-element-4ab5c00 elementor-widget__width-inherit elementor-widget elementor-widget-elementskit-heading\" data-id=\"4ab5c00\" data-element_type=\"widget\" data-widget_type=\"elementskit-heading.default\">\n\t\t\t\t<div class=\"elementor-widget-container\">\n\t\t\t\t\t<div class=\"ekit-wid-con\" ><div class=\"ekit-heading elementskit-section-title-wraper text_left   ekit_heading_tablet-   ekit_heading_mobile-\"><h2 class=\"ekit-heading--title elementskit-section-title \">Institut Cl\u00e9a \u2013 La cl\u00e9 de votre emploi<\/h2><div class=\"ekit_heading_separetor_wraper ekit_heading_elementskit-border-divider\"><div class=\"elementskit-border-divider\"><\/div><\/div>\t\t\t\t<div class='ekit-heading__description'>\n\t\t\t\t\t<p>Rejoignez-nous, et transformez votre passion en m\u00e9tier.<\/p>\n\t\t\t\t<\/div>\n\t\t\t<\/div><\/div>\t\t\t\t<\/div>\n\t\t\t\t<\/div>\n\t\t\t\t\t<\/div>\n\t\t<\/div>\n\t\t\t\t<div class=\"elementor-column elementor-col-50 elementor-top-column elementor-element elementor-element-d9d1be8\" data-id=\"d9d1be8\" data-element_type=\"column\">\n\t\t\t<div class=\"elementor-widget-wrap\">\n\t\t\t\t\t\t\t<\/div>\n\t\t<\/div>\n\t\t\t\t\t<\/div>\n\t\t<\/section>\n\t\t\t\t<\/div>\n\t\t","protected":false},"excerpt":{"rendered":"<p>Des fils, des r\u00eaves et un engagement depuis 2015. Historique En 2015, notre atelier ouvrait ses portes \u00e0 Kribi, au [&hellip;]<\/p>\n","protected":false},"author":1,"featured_media":0,"parent":0,"menu_order":0,"comment_status":"closed","ping_status":"closed","template":"elementor_header_footer","meta":{"site-sidebar-layout":"no-sidebar","site-content-layout":"plain-container","ast-site-content-layout":"full-width-container","site-content-style":"default","site-sidebar-style":"default","ast-global-header-display":"","ast-banner-title-visibility":"","ast-main-header-display":"","ast-hfb-above-header-display":"","ast-hfb-below-header-display":"","ast-hfb-mobile-header-display":"","site-post-title":"disabled","ast-breadcrumbs-content":"","ast-featured-img":"disabled","footer-sml-layout":"","theme-transparent-header-meta":"enabled","adv-header-id-meta":"","stick-header-meta":"","header-above-stick-meta":"","header-main-stick-meta":"","header-below-stick-meta":"","astra-migrate-meta-layouts":"default","ast-page-background-enabled":"default","ast-page-background-meta":{"desktop":{"background-color":"var(--ast-global-color-4)","background-image":"","background-repeat":"repeat","background-position":"center center","background-size":"auto","background-attachment":"scroll","background-type":"","background-media":"","overlay-type":"","overlay-color":"","overlay-opacity":"","overlay-gradient":""},"tablet":{"background-color":"","background-image":"","background-repeat":"repeat","background-position":"center center","background-size":"auto","background-attachment":"scroll","background-type":"","background-media":"","overlay-type":"","overlay-color":"","overlay-opacity":"","overlay-gradient":""},"mobile":{"background-color":"","background-image":"","background-repeat":"repeat","background-position":"center center","background-size":"auto","background-attachment":"scroll","background-type":"","background-media":"","overlay-type":"","overlay-color":"","overlay-opacity":"","overlay-gradient":""}},"ast-content-background-meta":{"desktop":{"background-color":"var(--ast-global-color-5)","background-image":"","background-repeat":"repeat","background-position":"center center","background-size":"auto","background-attachment":"scroll","background-type":"","background-media":"","overlay-type":"","overlay-color":"","overlay-opacity":"","overlay-gradient":""},"tablet":{"background-color":"var(--ast-global-color-5)","background-image":"","background-repeat":"repeat","background-position":"center center","background-size":"auto","background-attachment":"scroll","background-type":"","background-media":"","overlay-type":"","overlay-color":"","overlay-opacity":"","overlay-gradient":""},"mobile":{"background-color":"var(--ast-global-color-5)","background-image":"","background-repeat":"repeat","background-position":"center center","background-size":"auto","background-attachment":"scroll","background-type":"","background-media":"","overlay-type":"","overlay-color":"","overlay-opacity":"","overlay-gradient":""}},"footnotes":""},"class_list":["post-13","page","type-page","status-publish","hentry"],"_links":{"self":[{"href":"https:\/\/institutclea.com\/index.php\/wp-json\/wp\/v2\/pages\/13","targetHints":{"allow":["GET"]}}],"collection":[{"href":"https:\/\/institutclea.com\/index.php\/wp-json\/wp\/v2\/pages"}],"about":[{"href":"https:\/\/institutclea.com\/index.php\/wp-json\/wp\/v2\/types\/page"}],"author":[{"embeddable":true,"href":"https:\/\/institutclea.com\/index.php\/wp-json\/wp\/v2\/users\/1"}],"replies":[{"embeddable":true,"href":"https:\/\/institutclea.com\/index.php\/wp-json\/wp\/v2\/comments?post=13"}],"version-history":[{"count":37,"href":"https:\/\/institutclea.com\/index.php\/wp-json\/wp\/v2\/pages\/13\/revisions"}],"predecessor-version":[{"id":449,"href":"https:\/\/institutclea.com\/index.php\/wp-json\/wp\/v2\/pages\/13\/revisions\/449"}],"wp:attachment":[{"href":"https:\/\/institutclea.com\/index.php\/wp-json\/wp\/v2\/media?parent=13"}],"curies":[{"name":"wp","href":"https:\/\/api.w.org\/{rel}","templated":true}]}}